{"id":738,"date":"2021-08-06T15:29:16","date_gmt":"2021-08-06T13:29:16","guid":{"rendered":"https:\/\/misiuro.eu\/?page_id=738"},"modified":"2021-08-06T17:27:48","modified_gmt":"2021-08-06T15:27:48","slug":"rsign","status":"publish","type":"page","link":"https:\/\/misiuro.eu\/?page_id=738","title":{"rendered":"rSIGN"},"content":{"rendered":"\t\t<div data-elementor-type=\"wp-page\" data-elementor-id=\"738\" class=\"elementor elementor-738\">\n\t\t\t\t\t\t<section class=\"elementor-section elementor-top-section elementor-element elementor-element-1f293e7 elementor-section-boxed elementor-section-height-default elementor-section-height-default\" data-id=\"1f293e7\" data-element_type=\"section\">\n\t\t\t\t\t\t<div class=\"elementor-container elementor-column-gap-default\">\n\t\t\t\t\t<div class=\"elementor-column elementor-col-100 elementor-top-column elementor-element elementor-element-ffba16e\" data-id=\"ffba16e\" data-element_type=\"column\">\n\t\t\t<div class=\"elementor-widget-wrap elementor-element-populated\">\n\t\t\t\t\t\t<div class=\"elementor-element elementor-element-ba9d00b elementor-widget elementor-widget-text-editor\" data-id=\"ba9d00b\" data-element_type=\"widget\" data-widget_type=\"text-editor.default\">\n\t\t\t\t<div class=\"elementor-widget-container\">\n\t\t\t\t\t\t\t\t\t<p>rSign to najnowsze rozwi\u0105zanie Kwalifikowanego Podpisu Elektronicznego udost\u0119pnione przez Centrum Certyfikacji CenCert. Dzi\u0119ki niemu masz dost\u0119p do \u0142atwego i szybkiego<br \/>narz\u0119dzia do elektronicznego podpisywania wszelkich\u00a0 dokument\u00f3w i um\u00f3w, tak jak przy tradycyjnym podpisie elektronicznym \u2013 wszystko przy zachowaniu pe\u0142nej mocy prawnej.<br \/>Posiadaj\u0105c podpis elektroniczny rSign w spos\u00f3b komfortowy zoptymalizujesz swoj\u0105 codzienn\u0105 prac\u0119, jednocze\u015bnie oszcz\u0119dzaj\u0105c czas i pieni\u0105dze.<br \/>Je\u015bli jeste\u015b przedsi\u0119biorc\u0105, kt\u00f3ry cz\u0119sto podr\u00f3\u017cuje \u2013 to rozwi\u0105zanie jest idealne dla Ciebie.<\/p>\t\t\t\t\t\t\t\t<\/div>\n\t\t\t\t<\/div>\n\t\t\t\t\t<\/div>\n\t\t<\/div>\n\t\t\t\t\t<\/div>\n\t\t<\/section>\n\t\t\t\t<section class=\"elementor-section elementor-top-section elementor-element elementor-element-1d9d1b4 elementor-section-boxed elementor-section-height-default elementor-section-height-default\" data-id=\"1d9d1b4\" data-element_type=\"section\">\n\t\t\t\t\t\t<div class=\"elementor-container elementor-column-gap-default\">\n\t\t\t\t\t<div class=\"elementor-column elementor-col-100 elementor-top-column elementor-element elementor-element-3e8cf1d\" data-id=\"3e8cf1d\" data-element_type=\"column\">\n\t\t\t<div class=\"elementor-widget-wrap elementor-element-populated\">\n\t\t\t\t\t\t<div class=\"elementor-element elementor-element-427664c elementor-widget elementor-widget-video\" data-id=\"427664c\" data-element_type=\"widget\" data-settings=\"{&quot;youtube_url&quot;:&quot;https:\\\/\\\/www.youtube.com\\\/watch?v=wP7nf8hmB3w&quot;,&quot;video_type&quot;:&quot;youtube&quot;,&quot;controls&quot;:&quot;yes&quot;}\" data-widget_type=\"video.default\">\n\t\t\t\t<div class=\"elementor-widget-container\">\n\t\t\t\t\t\t\t<div class=\"elementor-wrapper elementor-open-inline\">\n\t\t\t<div class=\"elementor-video\"><\/div>\t\t<\/div>\n\t\t\t\t\t\t<\/div>\n\t\t\t\t<\/div>\n\t\t\t\t\t<\/div>\n\t\t<\/div>\n\t\t\t\t\t<\/div>\n\t\t<\/section>\n\t\t\t\t<section class=\"elementor-section elementor-top-section elementor-element elementor-element-82e91a7 elementor-section-boxed elementor-section-height-default elementor-section-height-default\" data-id=\"82e91a7\" data-element_type=\"section\">\n\t\t\t\t\t\t<div class=\"elementor-container elementor-column-gap-default\">\n\t\t\t\t\t<div class=\"elementor-column elementor-col-100 elementor-top-column elementor-element elementor-element-5b09927\" data-id=\"5b09927\" data-element_type=\"column\">\n\t\t\t<div class=\"elementor-widget-wrap elementor-element-populated\">\n\t\t\t\t\t\t<div class=\"elementor-element elementor-element-843765b elementor-widget elementor-widget-heading\" data-id=\"843765b\" data-element_type=\"widget\" data-widget_type=\"heading.default\">\n\t\t\t\t<div class=\"elementor-widget-container\">\n\t\t\t\t\t<h2 class=\"elementor-heading-title elementor-size-default\">Jakie s\u0105 korzy\u015bci posiadania kwalifikowanego podpisu elektronicznego rSign?<\/h2>\t\t\t\t<\/div>\n\t\t\t\t<\/div>\n\t\t\t\t<div class=\"elementor-element elementor-element-ce14d09 elementor-widget elementor-widget-text-editor\" data-id=\"ce14d09\" data-element_type=\"widget\" data-widget_type=\"text-editor.default\">\n\t\t\t\t<div class=\"elementor-widget-container\">\n\t\t\t\t\t\t\t\t\t<ul><li>Nie potrzebujesz karty procesorowej.<\/li><li>Nie potrzebujesz czytnika kart.<\/li><li>Podpis elektroniczny rSign ma tak\u0105 sam\u0105 u\u017cytkowo\u015b\u0107 i funkcjonalno\u015b\u0107 prawn\u0105 jak podpis na karcie.<\/li><li>Twoim narz\u0119dziem do autoryzacji podpisu jest telefon kom\u00f3rkowy.<\/li><li>Oszcz\u0119dzasz sw\u00f3j czas.<\/li><\/ul>\t\t\t\t\t\t\t\t<\/div>\n\t\t\t\t<\/div>\n\t\t\t\t\t<\/div>\n\t\t<\/div>\n\t\t\t\t\t<\/div>\n\t\t<\/section>\n\t\t\t\t<section class=\"elementor-section elementor-top-section elementor-element elementor-element-a8881f6 elementor-section-boxed elementor-section-height-default elementor-section-height-default\" data-id=\"a8881f6\" data-element_type=\"section\">\n\t\t\t\t\t\t<div class=\"elementor-container elementor-column-gap-default\">\n\t\t\t\t\t<div class=\"elementor-column elementor-col-100 elementor-top-column elementor-element elementor-element-67a7164\" data-id=\"67a7164\" data-element_type=\"column\">\n\t\t\t<div class=\"elementor-widget-wrap elementor-element-populated\">\n\t\t\t\t\t\t<div class=\"elementor-element elementor-element-93072eb elementor-widget elementor-widget-heading\" data-id=\"93072eb\" data-element_type=\"widget\" data-widget_type=\"heading.default\">\n\t\t\t\t<div class=\"elementor-widget-container\">\n\t\t\t\t\t<h2 class=\"elementor-heading-title elementor-size-default\">Cechy szczeg\u00f3lne rozwi\u0105zania<\/h2>\t\t\t\t<\/div>\n\t\t\t\t<\/div>\n\t\t\t\t<div class=\"elementor-element elementor-element-2e9173b elementor-widget elementor-widget-text-editor\" data-id=\"2e9173b\" data-element_type=\"widget\" data-widget_type=\"text-editor.default\">\n\t\t\t\t<div class=\"elementor-widget-container\">\n\t\t\t\t\t\t\t\t\t<ul><li>Jedno potwierdzenie podpisu mo\u017ce obj\u0105\u0107 wiele operacji podpisu.<\/li><li>Na jednym telefonie mo\u017ce by\u0107 skonfigurowany tylko jeden podpis.<\/li><li>W przypadku zmiany albo zgubienia, czy zniszczenia telefonu, jest mo\u017cliwo\u015b\u0107 \u0142atwego odzyskania danych do sk\u0142adania podpisu na innym telefonie.<\/li><\/ul>\t\t\t\t\t\t\t\t<\/div>\n\t\t\t\t<\/div>\n\t\t\t\t\t<\/div>\n\t\t<\/div>\n\t\t\t\t\t<\/div>\n\t\t<\/section>\n\t\t\t\t<section class=\"elementor-section elementor-top-section elementor-element elementor-element-dc3bb6f elementor-section-boxed elementor-section-height-default elementor-section-height-default\" data-id=\"dc3bb6f\" data-element_type=\"section\">\n\t\t\t\t\t\t<div class=\"elementor-container elementor-column-gap-default\">\n\t\t\t\t\t<div class=\"elementor-column elementor-col-100 elementor-top-column elementor-element elementor-element-2cbdea3\" data-id=\"2cbdea3\" data-element_type=\"column\">\n\t\t\t<div class=\"elementor-widget-wrap elementor-element-populated\">\n\t\t\t\t\t\t<div class=\"elementor-element elementor-element-98c830d elementor-widget elementor-widget-heading\" data-id=\"98c830d\" data-element_type=\"widget\" data-widget_type=\"heading.default\">\n\t\t\t\t<div class=\"elementor-widget-container\">\n\t\t\t\t\t<h2 class=\"elementor-heading-title elementor-size-default\">Jakie s\u0105 zalety podpisu elektronicznego rSign?<\/h2>\t\t\t\t<\/div>\n\t\t\t\t<\/div>\n\t\t\t\t<div class=\"elementor-element elementor-element-f1d9b08 elementor-widget elementor-widget-text-editor\" data-id=\"f1d9b08\" data-element_type=\"widget\" data-widget_type=\"text-editor.default\">\n\t\t\t\t<div class=\"elementor-widget-container\">\n\t\t\t\t\t\t\t\t\t<ul><li>\u00a0Dzi\u0119ki temu, \u017ce Twoim narz\u0119dziem jest telefon kom\u00f3rkowy, mo\u017cesz potwierdza\u0107 swoj\u0105 to\u017csamo\u015b\u0107 w dowolnym momencie \u2013 telefon masz zawsze przy sobie.<\/li><li>W przypadku kradzie\u017cy b\u0105d\u017a zniszczenia telefonu, podpis jest bezpieczny, a jego konfiguracj\u0119 mo\u017cna przenie\u015b\u0107 na inny aparat bez dodatkowych koszt\u00f3w<\/li><li>Masz mo\u017cliwo\u015b\u0107 skonfigurowania podpisu w niespodziewanej sytuacji (np. na wyje\u017adzie, bez karty z podpisem). W takiej sytuacji potrzebujesz tylko:<br \/>\u2013 skonfigurowany telefon;<br \/>\u2013 komputer;<br \/>\u2013 oraz oprogramowanie PEM-HEART.<\/li><\/ul>\t\t\t\t\t\t\t\t<\/div>\n\t\t\t\t<\/div>\n\t\t\t\t\t<\/div>\n\t\t<\/div>\n\t\t\t\t\t<\/div>\n\t\t<\/section>\n\t\t\t\t<section class=\"elementor-section elementor-top-section elementor-element elementor-element-e7252a1 elementor-section-boxed elementor-section-height-default elementor-section-height-default\" data-id=\"e7252a1\" data-element_type=\"section\">\n\t\t\t\t\t\t<div class=\"elementor-container elementor-column-gap-default\">\n\t\t\t\t\t<div class=\"elementor-column elementor-col-100 elementor-top-column elementor-element elementor-element-9b4a9c9\" data-id=\"9b4a9c9\" data-element_type=\"column\">\n\t\t\t<div class=\"elementor-widget-wrap elementor-element-populated\">\n\t\t\t\t\t\t<div class=\"elementor-element elementor-element-65193e3 elementor-widget elementor-widget-heading\" data-id=\"65193e3\" data-element_type=\"widget\" data-widget_type=\"heading.default\">\n\t\t\t\t<div class=\"elementor-widget-container\">\n\t\t\t\t\t<h2 class=\"elementor-heading-title elementor-size-default\">Czy kwalifikowany podpis elektroniczny rSign jest bezpieczny?<\/h2>\t\t\t\t<\/div>\n\t\t\t\t<\/div>\n\t\t\t\t<div class=\"elementor-element elementor-element-4e6b296 elementor-widget elementor-widget-text-editor\" data-id=\"4e6b296\" data-element_type=\"widget\" data-widget_type=\"text-editor.default\">\n\t\t\t\t<div class=\"elementor-widget-container\">\n\t\t\t\t\t\t\t\t\t<p>Tak poniewa\u017c:<\/p><ul><li>klucz do podpisu jest przechowywany na certyfikowanym HSM w postaci nieaktywnej;<\/li><li>klucz jest aktywowany ka\u017cdorazowo za pomoc\u0105 kodu przekazywanego z telefonu przy akceptacji zamiaru podpisu (jest to jedyna metoda aktywacji klucza);<\/li><li>pierwsza konfiguracja aplikacji ma telefonie odbywa si\u0119 za pomoc\u0105 kodu QR z \u201ewniosku o wystawienie certyfikatu\u201d;<\/li><li>kod QR jest jednorazowy \u2013 je\u015bli kto\u015b u\u017cy\u0142by go wcze\u015bniej, certyfikatu nie da si\u0119 wystawi\u0107;<\/li><li>podpisywanie nast\u0119puje tylko z zaufanych, uprzednio zdefiniowanych przez Ciebie, komputer\u00f3w;<\/li><li>pojawia si\u0119 konieczno\u015b\u0107 autoryzacji zamiaru podpisu na telefonie;<\/li><li>aplikacja jest zabezpieczona PINem weryfikowanym na serwerze;<\/li><li>backup danych (niezb\u0119dny do przeniesienia uprawnie\u0144 na inny telefon) mo\u017cesz zapisa\u0107 bezpiecznie w chmurze, poniewa\u017c jest on zaszyfrowany oraz zawiera tylko cz\u0119\u015b\u0107<br \/>danych potrzebnych do aktywacji klucza;<\/li><li>bezpiecze\u0144stwo us\u0142ugi jest potwierdzone certyfikatem zgodno\u015bci z rozporz\u0105dzeniem UE eIDAS, kt\u00f3ry zosta\u0142 wydany przez Deutsche Telekom Security GmbH; dodatkowo bezpiecze\u0144stwo zarz\u0105dzania informacjami w Enigma SOI Sp. z o.o. jest<br \/>potwierdzone certyfikatem zgodno\u015bci z <strong>norm\u0105 ISO 27001<\/strong>, wydanym przez <strong>DEKRA<\/strong><br \/><strong>Certification GmbH.<\/strong><\/li><\/ul>\t\t\t\t\t\t\t\t<\/div>\n\t\t\t\t<\/div>\n\t\t\t\t\t<\/div>\n\t\t<\/div>\n\t\t\t\t\t<\/div>\n\t\t<\/section>\n\t\t\t\t<\/div>\n\t\t","protected":false},"excerpt":{"rendered":"<p>rSign to najnowsze rozwi\u0105zanie Kwalifikowanego Podpisu Elektronicznego udost\u0119pnione przez Centrum Certyfikacji CenCert. Dzi\u0119ki niemu masz dost\u0119p do \u0142atwego i szybkiegonarz\u0119dzia do elektronicznego [&hellip;]<\/p>\n","protected":false},"author":1,"featured_media":0,"parent":0,"menu_order":0,"comment_status":"closed","ping_status":"closed","template":"","meta":{"footnotes":""},"class_list":["post-738","page","type-page","status-publish","hentry"],"yoast_head":"<!-- This site is optimized with the Yoast SEO plugin v24.2 - https:\/\/yoast.com\/wordpress\/plugins\/seo\/ -->\n<title>rSIGN - Misiuro.eu<\/title>\n<meta name=\"robots\" content=\"index, follow, max-snippet:-1, max-image-preview:large, max-video-preview:-1\" \/>\n<link rel=\"canonical\" href=\"https:\/\/misiuro.eu\/?page_id=738\" \/>\n<meta property=\"og:locale\" content=\"pl_PL\" \/>\n<meta property=\"og:type\" content=\"article\" \/>\n<meta property=\"og:title\" content=\"rSIGN - Misiuro.eu\" \/>\n<meta property=\"og:description\" content=\"rSign to najnowsze rozwi\u0105zanie Kwalifikowanego Podpisu Elektronicznego udost\u0119pnione przez Centrum Certyfikacji CenCert. Dzi\u0119ki niemu masz dost\u0119p do \u0142atwego i szybkiegonarz\u0119dzia do elektronicznego [&hellip;]\" \/>\n<meta property=\"og:url\" content=\"https:\/\/misiuro.eu\/?page_id=738\" \/>\n<meta property=\"og:site_name\" content=\"Misiuro.eu\" \/>\n<meta property=\"article:modified_time\" content=\"2021-08-06T15:27:48+00:00\" \/>\n<meta name=\"twitter:card\" content=\"summary_large_image\" \/>\n<meta name=\"twitter:label1\" content=\"Szacowany czas czytania\" \/>\n\t<meta name=\"twitter:data1\" content=\"2 minuty\" \/>\n<script type=\"application\/ld+json\" class=\"yoast-schema-graph\">{\"@context\":\"https:\/\/schema.org\",\"@graph\":[{\"@type\":\"WebPage\",\"@id\":\"https:\/\/misiuro.eu\/?page_id=738\",\"url\":\"https:\/\/misiuro.eu\/?page_id=738\",\"name\":\"rSIGN - Misiuro.eu\",\"isPartOf\":{\"@id\":\"https:\/\/misiuro.eu\/#website\"},\"datePublished\":\"2021-08-06T13:29:16+00:00\",\"dateModified\":\"2021-08-06T15:27:48+00:00\",\"breadcrumb\":{\"@id\":\"https:\/\/misiuro.eu\/?page_id=738#breadcrumb\"},\"inLanguage\":\"pl-PL\",\"potentialAction\":[{\"@type\":\"ReadAction\",\"target\":[\"https:\/\/misiuro.eu\/?page_id=738\"]}]},{\"@type\":\"BreadcrumbList\",\"@id\":\"https:\/\/misiuro.eu\/?page_id=738#breadcrumb\",\"itemListElement\":[{\"@type\":\"ListItem\",\"position\":1,\"name\":\"Strona g\u0142\u00f3wna\",\"item\":\"https:\/\/misiuro.eu\/\"},{\"@type\":\"ListItem\",\"position\":2,\"name\":\"rSIGN\"}]},{\"@type\":\"WebSite\",\"@id\":\"https:\/\/misiuro.eu\/#website\",\"url\":\"https:\/\/misiuro.eu\/\",\"name\":\"Misiuro.eu\",\"description\":\"\",\"publisher\":{\"@id\":\"https:\/\/misiuro.eu\/#\/schema\/person\/5aedc916dad396c1016c83afc91d2602\"},\"potentialAction\":[{\"@type\":\"SearchAction\",\"target\":{\"@type\":\"EntryPoint\",\"urlTemplate\":\"https:\/\/misiuro.eu\/?s={search_term_string}\"},\"query-input\":{\"@type\":\"PropertyValueSpecification\",\"valueRequired\":true,\"valueName\":\"search_term_string\"}}],\"inLanguage\":\"pl-PL\"},{\"@type\":[\"Person\",\"Organization\"],\"@id\":\"https:\/\/misiuro.eu\/#\/schema\/person\/5aedc916dad396c1016c83afc91d2602\",\"name\":\"Mihu\",\"image\":{\"@type\":\"ImageObject\",\"inLanguage\":\"pl-PL\",\"@id\":\"https:\/\/misiuro.eu\/#\/schema\/person\/image\/\",\"url\":\"https:\/\/misiuro.eu\/wp-content\/uploads\/2021\/08\/cropped-2021-08-03_14h02_24-1.png\",\"contentUrl\":\"https:\/\/misiuro.eu\/wp-content\/uploads\/2021\/08\/cropped-2021-08-03_14h02_24-1.png\",\"width\":439,\"height\":170,\"caption\":\"Mihu\"},\"logo\":{\"@id\":\"https:\/\/misiuro.eu\/#\/schema\/person\/image\/\"},\"sameAs\":[\"https:\/\/misiuro.eu\"]}]}<\/script>\n<!-- \/ Yoast SEO plugin. -->","yoast_head_json":{"title":"rSIGN - Misiuro.eu","robots":{"index":"index","follow":"follow","max-snippet":"max-snippet:-1","max-image-preview":"max-image-preview:large","max-video-preview":"max-video-preview:-1"},"canonical":"https:\/\/misiuro.eu\/?page_id=738","og_locale":"pl_PL","og_type":"article","og_title":"rSIGN - Misiuro.eu","og_description":"rSign to najnowsze rozwi\u0105zanie Kwalifikowanego Podpisu Elektronicznego udost\u0119pnione przez Centrum Certyfikacji CenCert. Dzi\u0119ki niemu masz dost\u0119p do \u0142atwego i szybkiegonarz\u0119dzia do elektronicznego [&hellip;]","og_url":"https:\/\/misiuro.eu\/?page_id=738","og_site_name":"Misiuro.eu","article_modified_time":"2021-08-06T15:27:48+00:00","twitter_card":"summary_large_image","twitter_misc":{"Szacowany czas czytania":"2 minuty"},"schema":{"@context":"https:\/\/schema.org","@graph":[{"@type":"WebPage","@id":"https:\/\/misiuro.eu\/?page_id=738","url":"https:\/\/misiuro.eu\/?page_id=738","name":"rSIGN - Misiuro.eu","isPartOf":{"@id":"https:\/\/misiuro.eu\/#website"},"datePublished":"2021-08-06T13:29:16+00:00","dateModified":"2021-08-06T15:27:48+00:00","breadcrumb":{"@id":"https:\/\/misiuro.eu\/?page_id=738#breadcrumb"},"inLanguage":"pl-PL","potentialAction":[{"@type":"ReadAction","target":["https:\/\/misiuro.eu\/?page_id=738"]}]},{"@type":"BreadcrumbList","@id":"https:\/\/misiuro.eu\/?page_id=738#breadcrumb","itemListElement":[{"@type":"ListItem","position":1,"name":"Strona g\u0142\u00f3wna","item":"https:\/\/misiuro.eu\/"},{"@type":"ListItem","position":2,"name":"rSIGN"}]},{"@type":"WebSite","@id":"https:\/\/misiuro.eu\/#website","url":"https:\/\/misiuro.eu\/","name":"Misiuro.eu","description":"","publisher":{"@id":"https:\/\/misiuro.eu\/#\/schema\/person\/5aedc916dad396c1016c83afc91d2602"},"potentialAction":[{"@type":"SearchAction","target":{"@type":"EntryPoint","urlTemplate":"https:\/\/misiuro.eu\/?s={search_term_string}"},"query-input":{"@type":"PropertyValueSpecification","valueRequired":true,"valueName":"search_term_string"}}],"inLanguage":"pl-PL"},{"@type":["Person","Organization"],"@id":"https:\/\/misiuro.eu\/#\/schema\/person\/5aedc916dad396c1016c83afc91d2602","name":"Mihu","image":{"@type":"ImageObject","inLanguage":"pl-PL","@id":"https:\/\/misiuro.eu\/#\/schema\/person\/image\/","url":"https:\/\/misiuro.eu\/wp-content\/uploads\/2021\/08\/cropped-2021-08-03_14h02_24-1.png","contentUrl":"https:\/\/misiuro.eu\/wp-content\/uploads\/2021\/08\/cropped-2021-08-03_14h02_24-1.png","width":439,"height":170,"caption":"Mihu"},"logo":{"@id":"https:\/\/misiuro.eu\/#\/schema\/person\/image\/"},"sameAs":["https:\/\/misiuro.eu"]}]}},"_links":{"self":[{"href":"https:\/\/misiuro.eu\/index.php?rest_route=\/wp\/v2\/pages\/738","targetHints":{"allow":["GET"]}}],"collection":[{"href":"https:\/\/misiuro.eu\/index.php?rest_route=\/wp\/v2\/pages"}],"about":[{"href":"https:\/\/misiuro.eu\/index.php?rest_route=\/wp\/v2\/types\/page"}],"author":[{"embeddable":true,"href":"https:\/\/misiuro.eu\/index.php?rest_route=\/wp\/v2\/users\/1"}],"replies":[{"embeddable":true,"href":"https:\/\/misiuro.eu\/index.php?rest_route=%2Fwp%2Fv2%2Fcomments&post=738"}],"version-history":[{"count":16,"href":"https:\/\/misiuro.eu\/index.php?rest_route=\/wp\/v2\/pages\/738\/revisions"}],"predecessor-version":[{"id":836,"href":"https:\/\/misiuro.eu\/index.php?rest_route=\/wp\/v2\/pages\/738\/revisions\/836"}],"wp:attachment":[{"href":"https:\/\/misiuro.eu\/index.php?rest_route=%2Fwp%2Fv2%2Fmedia&parent=738"}],"curies":[{"name":"wp","href":"https:\/\/api.w.org\/{rel}","templated":true}]}}