{"id":74,"date":"2021-08-04T14:45:38","date_gmt":"2021-08-04T12:45:38","guid":{"rendered":"https:\/\/misiuro.eu\/?page_id=74"},"modified":"2021-08-04T14:45:38","modified_gmt":"2021-08-04T12:45:38","slug":"podpis-elektroniczny-a-aukcje-i-przetargi-publiczne","status":"publish","type":"page","link":"https:\/\/misiuro.eu\/?page_id=74","title":{"rendered":"Podpis elektroniczny a aukcje i przetargi publiczne"},"content":{"rendered":"\n<p class=\"has-drop-cap\">W ramach Ustawy z dnia 29 stycznia 2004 roku \u2013 Prawo zam\u00f3wie\u0144 publicznych (Dz. U. Nr 19, poz. 177) wprowadzi\u0142a mo\u017cliwo\u015b\u0107 przeprowadzania przetarg\u00f3w i aukcji drog\u0105 elektroniczn\u0105. W tym przypadku dwa elementy: podpis elektroniczny i aukcje w pe\u0142ni odpowiadaj\u0105 na wskazan\u0105 ustaw\u0119.<\/p>\n\n\n\n<p>W celu rejestracji i identyfikacji wykonawc\u00f3w mo\u017cna stosowa\u0107 kwalifikowany podpis elektroniczny.<\/p>\n","protected":false},"excerpt":{"rendered":"<p>W ramach Ustawy z dnia 29 stycznia 2004 roku \u2013 Prawo zam\u00f3wie\u0144 publicznych (Dz. U. Nr 19, poz. 177) wprowadzi\u0142a mo\u017cliwo\u015b\u0107 przeprowadzania [&hellip;]<\/p>\n","protected":false},"author":1,"featured_media":0,"parent":0,"menu_order":0,"comment_status":"closed","ping_status":"closed","template":"templates\/template-full-width.php","meta":{"footnotes":""},"class_list":["post-74","page","type-page","status-publish","hentry"],"yoast_head":"<!-- This site is optimized with the Yoast SEO plugin v24.2 - https:\/\/yoast.com\/wordpress\/plugins\/seo\/ -->\n<title>Podpis elektroniczny a aukcje i przetargi publiczne - Misiuro.eu<\/title>\n<meta name=\"robots\" content=\"index, follow, max-snippet:-1, max-image-preview:large, max-video-preview:-1\" \/>\n<link rel=\"canonical\" href=\"https:\/\/misiuro.eu\/?page_id=74\" \/>\n<meta property=\"og:locale\" content=\"pl_PL\" \/>\n<meta property=\"og:type\" content=\"article\" \/>\n<meta property=\"og:title\" content=\"Podpis elektroniczny a aukcje i przetargi publiczne - Misiuro.eu\" \/>\n<meta property=\"og:description\" content=\"W ramach Ustawy z dnia 29 stycznia 2004 roku \u2013 Prawo zam\u00f3wie\u0144 publicznych (Dz. U. Nr 19, poz. 177) wprowadzi\u0142a mo\u017cliwo\u015b\u0107 przeprowadzania [&hellip;]\" \/>\n<meta property=\"og:url\" content=\"https:\/\/misiuro.eu\/?page_id=74\" \/>\n<meta property=\"og:site_name\" content=\"Misiuro.eu\" \/>\n<meta name=\"twitter:card\" content=\"summary_large_image\" \/>\n<script type=\"application\/ld+json\" class=\"yoast-schema-graph\">{\"@context\":\"https:\/\/schema.org\",\"@graph\":[{\"@type\":\"WebPage\",\"@id\":\"https:\/\/misiuro.eu\/?page_id=74\",\"url\":\"https:\/\/misiuro.eu\/?page_id=74\",\"name\":\"Podpis elektroniczny a aukcje i przetargi publiczne - Misiuro.eu\",\"isPartOf\":{\"@id\":\"https:\/\/misiuro.eu\/#website\"},\"datePublished\":\"2021-08-04T12:45:38+00:00\",\"dateModified\":\"2021-08-04T12:45:38+00:00\",\"breadcrumb\":{\"@id\":\"https:\/\/misiuro.eu\/?page_id=74#breadcrumb\"},\"inLanguage\":\"pl-PL\",\"potentialAction\":[{\"@type\":\"ReadAction\",\"target\":[\"https:\/\/misiuro.eu\/?page_id=74\"]}]},{\"@type\":\"BreadcrumbList\",\"@id\":\"https:\/\/misiuro.eu\/?page_id=74#breadcrumb\",\"itemListElement\":[{\"@type\":\"ListItem\",\"position\":1,\"name\":\"Strona g\u0142\u00f3wna\",\"item\":\"https:\/\/misiuro.eu\/\"},{\"@type\":\"ListItem\",\"position\":2,\"name\":\"Podpis elektroniczny a aukcje i przetargi publiczne\"}]},{\"@type\":\"WebSite\",\"@id\":\"https:\/\/misiuro.eu\/#website\",\"url\":\"https:\/\/misiuro.eu\/\",\"name\":\"Misiuro.eu\",\"description\":\"\",\"publisher\":{\"@id\":\"https:\/\/misiuro.eu\/#\/schema\/person\/5aedc916dad396c1016c83afc91d2602\"},\"potentialAction\":[{\"@type\":\"SearchAction\",\"target\":{\"@type\":\"EntryPoint\",\"urlTemplate\":\"https:\/\/misiuro.eu\/?s={search_term_string}\"},\"query-input\":{\"@type\":\"PropertyValueSpecification\",\"valueRequired\":true,\"valueName\":\"search_term_string\"}}],\"inLanguage\":\"pl-PL\"},{\"@type\":[\"Person\",\"Organization\"],\"@id\":\"https:\/\/misiuro.eu\/#\/schema\/person\/5aedc916dad396c1016c83afc91d2602\",\"name\":\"Mihu\",\"image\":{\"@type\":\"ImageObject\",\"inLanguage\":\"pl-PL\",\"@id\":\"https:\/\/misiuro.eu\/#\/schema\/person\/image\/\",\"url\":\"https:\/\/misiuro.eu\/wp-content\/uploads\/2021\/08\/cropped-2021-08-03_14h02_24-1.png\",\"contentUrl\":\"https:\/\/misiuro.eu\/wp-content\/uploads\/2021\/08\/cropped-2021-08-03_14h02_24-1.png\",\"width\":439,\"height\":170,\"caption\":\"Mihu\"},\"logo\":{\"@id\":\"https:\/\/misiuro.eu\/#\/schema\/person\/image\/\"},\"sameAs\":[\"https:\/\/misiuro.eu\"]}]}<\/script>\n<!-- \/ Yoast SEO plugin. -->","yoast_head_json":{"title":"Podpis elektroniczny a aukcje i przetargi publiczne - Misiuro.eu","robots":{"index":"index","follow":"follow","max-snippet":"max-snippet:-1","max-image-preview":"max-image-preview:large","max-video-preview":"max-video-preview:-1"},"canonical":"https:\/\/misiuro.eu\/?page_id=74","og_locale":"pl_PL","og_type":"article","og_title":"Podpis elektroniczny a aukcje i przetargi publiczne - Misiuro.eu","og_description":"W ramach Ustawy z dnia 29 stycznia 2004 roku \u2013 Prawo zam\u00f3wie\u0144 publicznych (Dz. U. Nr 19, poz. 177) wprowadzi\u0142a mo\u017cliwo\u015b\u0107 przeprowadzania [&hellip;]","og_url":"https:\/\/misiuro.eu\/?page_id=74","og_site_name":"Misiuro.eu","twitter_card":"summary_large_image","schema":{"@context":"https:\/\/schema.org","@graph":[{"@type":"WebPage","@id":"https:\/\/misiuro.eu\/?page_id=74","url":"https:\/\/misiuro.eu\/?page_id=74","name":"Podpis elektroniczny a aukcje i przetargi publiczne - Misiuro.eu","isPartOf":{"@id":"https:\/\/misiuro.eu\/#website"},"datePublished":"2021-08-04T12:45:38+00:00","dateModified":"2021-08-04T12:45:38+00:00","breadcrumb":{"@id":"https:\/\/misiuro.eu\/?page_id=74#breadcrumb"},"inLanguage":"pl-PL","potentialAction":[{"@type":"ReadAction","target":["https:\/\/misiuro.eu\/?page_id=74"]}]},{"@type":"BreadcrumbList","@id":"https:\/\/misiuro.eu\/?page_id=74#breadcrumb","itemListElement":[{"@type":"ListItem","position":1,"name":"Strona g\u0142\u00f3wna","item":"https:\/\/misiuro.eu\/"},{"@type":"ListItem","position":2,"name":"Podpis elektroniczny a aukcje i przetargi publiczne"}]},{"@type":"WebSite","@id":"https:\/\/misiuro.eu\/#website","url":"https:\/\/misiuro.eu\/","name":"Misiuro.eu","description":"","publisher":{"@id":"https:\/\/misiuro.eu\/#\/schema\/person\/5aedc916dad396c1016c83afc91d2602"},"potentialAction":[{"@type":"SearchAction","target":{"@type":"EntryPoint","urlTemplate":"https:\/\/misiuro.eu\/?s={search_term_string}"},"query-input":{"@type":"PropertyValueSpecification","valueRequired":true,"valueName":"search_term_string"}}],"inLanguage":"pl-PL"},{"@type":["Person","Organization"],"@id":"https:\/\/misiuro.eu\/#\/schema\/person\/5aedc916dad396c1016c83afc91d2602","name":"Mihu","image":{"@type":"ImageObject","inLanguage":"pl-PL","@id":"https:\/\/misiuro.eu\/#\/schema\/person\/image\/","url":"https:\/\/misiuro.eu\/wp-content\/uploads\/2021\/08\/cropped-2021-08-03_14h02_24-1.png","contentUrl":"https:\/\/misiuro.eu\/wp-content\/uploads\/2021\/08\/cropped-2021-08-03_14h02_24-1.png","width":439,"height":170,"caption":"Mihu"},"logo":{"@id":"https:\/\/misiuro.eu\/#\/schema\/person\/image\/"},"sameAs":["https:\/\/misiuro.eu"]}]}},"_links":{"self":[{"href":"https:\/\/misiuro.eu\/index.php?rest_route=\/wp\/v2\/pages\/74","targetHints":{"allow":["GET"]}}],"collection":[{"href":"https:\/\/misiuro.eu\/index.php?rest_route=\/wp\/v2\/pages"}],"about":[{"href":"https:\/\/misiuro.eu\/index.php?rest_route=\/wp\/v2\/types\/page"}],"author":[{"embeddable":true,"href":"https:\/\/misiuro.eu\/index.php?rest_route=\/wp\/v2\/users\/1"}],"replies":[{"embeddable":true,"href":"https:\/\/misiuro.eu\/index.php?rest_route=%2Fwp%2Fv2%2Fcomments&post=74"}],"version-history":[{"count":1,"href":"https:\/\/misiuro.eu\/index.php?rest_route=\/wp\/v2\/pages\/74\/revisions"}],"predecessor-version":[{"id":75,"href":"https:\/\/misiuro.eu\/index.php?rest_route=\/wp\/v2\/pages\/74\/revisions\/75"}],"wp:attachment":[{"href":"https:\/\/misiuro.eu\/index.php?rest_route=%2Fwp%2Fv2%2Fmedia&parent=74"}],"curies":[{"name":"wp","href":"https:\/\/api.w.org\/{rel}","templated":true}]}}