{"id":766,"date":"2021-08-06T15:36:46","date_gmt":"2021-08-06T13:36:46","guid":{"rendered":"https:\/\/misiuro.eu\/?page_id=766"},"modified":"2021-08-06T15:37:45","modified_gmt":"2021-08-06T13:37:45","slug":"zaswiadczenia-lekarskie","status":"publish","type":"page","link":"https:\/\/misiuro.eu\/?page_id=766","title":{"rendered":"Za\u015bwiadczenia lekarskie"},"content":{"rendered":"\t\t<div data-elementor-type=\"wp-page\" data-elementor-id=\"766\" class=\"elementor elementor-766\">\n\t\t\t\t\t\t<section class=\"elementor-section elementor-top-section elementor-element elementor-element-746d0497 elementor-section-boxed elementor-section-height-default elementor-section-height-default\" data-id=\"746d0497\" data-element_type=\"section\">\n\t\t\t\t\t\t<div class=\"elementor-container elementor-column-gap-default\">\n\t\t\t\t\t<div class=\"elementor-column elementor-col-100 elementor-top-column elementor-element elementor-element-e2a17b6\" data-id=\"e2a17b6\" data-element_type=\"column\">\n\t\t\t<div class=\"elementor-widget-wrap elementor-element-populated\">\n\t\t\t\t\t\t<div class=\"elementor-element elementor-element-fdc267d elementor-widget elementor-widget-text-editor\" data-id=\"fdc267d\" data-element_type=\"widget\" data-widget_type=\"text-editor.default\">\n\t\t\t\t<div class=\"elementor-widget-container\">\n\t\t\t\t\t\t\t\t\t\n<p>Wystawiane za\u015bwiadczenia lekarskie w formie dokumentu elektronicznego mo\u017cna uwierzytelni\u0107 certyfikatem kwalifikowanym. Wykorzystanie narz\u0119dzia jakim jest e-podpis znacznie usprawnia codzienn\u0105 prac\u0119 lekarzy.<\/p>\n\t\t\t\t\t\t\t\t<\/div>\n\t\t\t\t<\/div>\n\t\t\t\t\t<\/div>\n\t\t<\/div>\n\t\t\t\t\t<\/div>\n\t\t<\/section>\n\t\t\t\t<\/div>\n\t\t","protected":false},"excerpt":{"rendered":"<p>Wystawiane za\u015bwiadczenia lekarskie w formie dokumentu elektronicznego mo\u017cna uwierzytelni\u0107 certyfikatem kwalifikowanym. Wykorzystanie narz\u0119dzia jakim jest e-podpis znacznie usprawnia codzienn\u0105 prac\u0119 lekarzy.<\/p>\n","protected":false},"author":1,"featured_media":0,"parent":0,"menu_order":0,"comment_status":"closed","ping_status":"closed","template":"","meta":{"footnotes":""},"class_list":["post-766","page","type-page","status-publish","hentry"],"yoast_head":"<!-- This site is optimized with the Yoast SEO plugin v24.2 - https:\/\/yoast.com\/wordpress\/plugins\/seo\/ -->\n<title>Za\u015bwiadczenia lekarskie - Misiuro.eu<\/title>\n<meta name=\"robots\" content=\"index, follow, max-snippet:-1, max-image-preview:large, max-video-preview:-1\" \/>\n<link rel=\"canonical\" href=\"https:\/\/misiuro.eu\/?page_id=766\" \/>\n<meta property=\"og:locale\" content=\"pl_PL\" \/>\n<meta property=\"og:type\" content=\"article\" \/>\n<meta property=\"og:title\" content=\"Za\u015bwiadczenia lekarskie - Misiuro.eu\" \/>\n<meta property=\"og:description\" content=\"Wystawiane za\u015bwiadczenia lekarskie w formie dokumentu elektronicznego mo\u017cna uwierzytelni\u0107 certyfikatem kwalifikowanym. Wykorzystanie narz\u0119dzia jakim jest e-podpis znacznie usprawnia codzienn\u0105 prac\u0119 lekarzy.\" \/>\n<meta property=\"og:url\" content=\"https:\/\/misiuro.eu\/?page_id=766\" \/>\n<meta property=\"og:site_name\" content=\"Misiuro.eu\" \/>\n<meta property=\"article:modified_time\" content=\"2021-08-06T13:37:45+00:00\" \/>\n<meta name=\"twitter:card\" content=\"summary_large_image\" \/>\n<script type=\"application\/ld+json\" class=\"yoast-schema-graph\">{\"@context\":\"https:\/\/schema.org\",\"@graph\":[{\"@type\":\"WebPage\",\"@id\":\"https:\/\/misiuro.eu\/?page_id=766\",\"url\":\"https:\/\/misiuro.eu\/?page_id=766\",\"name\":\"Za\u015bwiadczenia lekarskie - Misiuro.eu\",\"isPartOf\":{\"@id\":\"https:\/\/misiuro.eu\/#website\"},\"datePublished\":\"2021-08-06T13:36:46+00:00\",\"dateModified\":\"2021-08-06T13:37:45+00:00\",\"breadcrumb\":{\"@id\":\"https:\/\/misiuro.eu\/?page_id=766#breadcrumb\"},\"inLanguage\":\"pl-PL\",\"potentialAction\":[{\"@type\":\"ReadAction\",\"target\":[\"https:\/\/misiuro.eu\/?page_id=766\"]}]},{\"@type\":\"BreadcrumbList\",\"@id\":\"https:\/\/misiuro.eu\/?page_id=766#breadcrumb\",\"itemListElement\":[{\"@type\":\"ListItem\",\"position\":1,\"name\":\"Strona g\u0142\u00f3wna\",\"item\":\"https:\/\/misiuro.eu\/\"},{\"@type\":\"ListItem\",\"position\":2,\"name\":\"Za\u015bwiadczenia lekarskie\"}]},{\"@type\":\"WebSite\",\"@id\":\"https:\/\/misiuro.eu\/#website\",\"url\":\"https:\/\/misiuro.eu\/\",\"name\":\"Misiuro.eu\",\"description\":\"\",\"publisher\":{\"@id\":\"https:\/\/misiuro.eu\/#\/schema\/person\/5aedc916dad396c1016c83afc91d2602\"},\"potentialAction\":[{\"@type\":\"SearchAction\",\"target\":{\"@type\":\"EntryPoint\",\"urlTemplate\":\"https:\/\/misiuro.eu\/?s={search_term_string}\"},\"query-input\":{\"@type\":\"PropertyValueSpecification\",\"valueRequired\":true,\"valueName\":\"search_term_string\"}}],\"inLanguage\":\"pl-PL\"},{\"@type\":[\"Person\",\"Organization\"],\"@id\":\"https:\/\/misiuro.eu\/#\/schema\/person\/5aedc916dad396c1016c83afc91d2602\",\"name\":\"Mihu\",\"image\":{\"@type\":\"ImageObject\",\"inLanguage\":\"pl-PL\",\"@id\":\"https:\/\/misiuro.eu\/#\/schema\/person\/image\/\",\"url\":\"https:\/\/misiuro.eu\/wp-content\/uploads\/2021\/08\/cropped-2021-08-03_14h02_24-1.png\",\"contentUrl\":\"https:\/\/misiuro.eu\/wp-content\/uploads\/2021\/08\/cropped-2021-08-03_14h02_24-1.png\",\"width\":439,\"height\":170,\"caption\":\"Mihu\"},\"logo\":{\"@id\":\"https:\/\/misiuro.eu\/#\/schema\/person\/image\/\"},\"sameAs\":[\"https:\/\/misiuro.eu\"]}]}<\/script>\n<!-- \/ Yoast SEO plugin. -->","yoast_head_json":{"title":"Za\u015bwiadczenia lekarskie - Misiuro.eu","robots":{"index":"index","follow":"follow","max-snippet":"max-snippet:-1","max-image-preview":"max-image-preview:large","max-video-preview":"max-video-preview:-1"},"canonical":"https:\/\/misiuro.eu\/?page_id=766","og_locale":"pl_PL","og_type":"article","og_title":"Za\u015bwiadczenia lekarskie - Misiuro.eu","og_description":"Wystawiane za\u015bwiadczenia lekarskie w formie dokumentu elektronicznego mo\u017cna uwierzytelni\u0107 certyfikatem kwalifikowanym. Wykorzystanie narz\u0119dzia jakim jest e-podpis znacznie usprawnia codzienn\u0105 prac\u0119 lekarzy.","og_url":"https:\/\/misiuro.eu\/?page_id=766","og_site_name":"Misiuro.eu","article_modified_time":"2021-08-06T13:37:45+00:00","twitter_card":"summary_large_image","schema":{"@context":"https:\/\/schema.org","@graph":[{"@type":"WebPage","@id":"https:\/\/misiuro.eu\/?page_id=766","url":"https:\/\/misiuro.eu\/?page_id=766","name":"Za\u015bwiadczenia lekarskie - Misiuro.eu","isPartOf":{"@id":"https:\/\/misiuro.eu\/#website"},"datePublished":"2021-08-06T13:36:46+00:00","dateModified":"2021-08-06T13:37:45+00:00","breadcrumb":{"@id":"https:\/\/misiuro.eu\/?page_id=766#breadcrumb"},"inLanguage":"pl-PL","potentialAction":[{"@type":"ReadAction","target":["https:\/\/misiuro.eu\/?page_id=766"]}]},{"@type":"BreadcrumbList","@id":"https:\/\/misiuro.eu\/?page_id=766#breadcrumb","itemListElement":[{"@type":"ListItem","position":1,"name":"Strona g\u0142\u00f3wna","item":"https:\/\/misiuro.eu\/"},{"@type":"ListItem","position":2,"name":"Za\u015bwiadczenia lekarskie"}]},{"@type":"WebSite","@id":"https:\/\/misiuro.eu\/#website","url":"https:\/\/misiuro.eu\/","name":"Misiuro.eu","description":"","publisher":{"@id":"https:\/\/misiuro.eu\/#\/schema\/person\/5aedc916dad396c1016c83afc91d2602"},"potentialAction":[{"@type":"SearchAction","target":{"@type":"EntryPoint","urlTemplate":"https:\/\/misiuro.eu\/?s={search_term_string}"},"query-input":{"@type":"PropertyValueSpecification","valueRequired":true,"valueName":"search_term_string"}}],"inLanguage":"pl-PL"},{"@type":["Person","Organization"],"@id":"https:\/\/misiuro.eu\/#\/schema\/person\/5aedc916dad396c1016c83afc91d2602","name":"Mihu","image":{"@type":"ImageObject","inLanguage":"pl-PL","@id":"https:\/\/misiuro.eu\/#\/schema\/person\/image\/","url":"https:\/\/misiuro.eu\/wp-content\/uploads\/2021\/08\/cropped-2021-08-03_14h02_24-1.png","contentUrl":"https:\/\/misiuro.eu\/wp-content\/uploads\/2021\/08\/cropped-2021-08-03_14h02_24-1.png","width":439,"height":170,"caption":"Mihu"},"logo":{"@id":"https:\/\/misiuro.eu\/#\/schema\/person\/image\/"},"sameAs":["https:\/\/misiuro.eu"]}]}},"_links":{"self":[{"href":"https:\/\/misiuro.eu\/index.php?rest_route=\/wp\/v2\/pages\/766","targetHints":{"allow":["GET"]}}],"collection":[{"href":"https:\/\/misiuro.eu\/index.php?rest_route=\/wp\/v2\/pages"}],"about":[{"href":"https:\/\/misiuro.eu\/index.php?rest_route=\/wp\/v2\/types\/page"}],"author":[{"embeddable":true,"href":"https:\/\/misiuro.eu\/index.php?rest_route=\/wp\/v2\/users\/1"}],"replies":[{"embeddable":true,"href":"https:\/\/misiuro.eu\/index.php?rest_route=%2Fwp%2Fv2%2Fcomments&post=766"}],"version-history":[{"count":4,"href":"https:\/\/misiuro.eu\/index.php?rest_route=\/wp\/v2\/pages\/766\/revisions"}],"predecessor-version":[{"id":774,"href":"https:\/\/misiuro.eu\/index.php?rest_route=\/wp\/v2\/pages\/766\/revisions\/774"}],"wp:attachment":[{"href":"https:\/\/misiuro.eu\/index.php?rest_route=%2Fwp%2Fv2%2Fmedia&parent=766"}],"curies":[{"name":"wp","href":"https:\/\/api.w.org\/{rel}","templated":true}]}}